{"id":890,"date":"2025-10-04T08:14:29","date_gmt":"2025-10-04T08:14:29","guid":{"rendered":"https:\/\/zelarstay.com\/?page_id=890"},"modified":"2025-10-10T20:36:05","modified_gmt":"2025-10-10T20:36:05","slug":"mencoes-legais","status":"publish","type":"page","link":"https:\/\/zelarstay.com\/fr_fr\/mencoes-legais\/","title":{"rendered":"Men\u00e7\u00f5es legais"},"content":{"rendered":"<p>O presente site \u00e9 propriedade de\u00a0<strong>[LOPES P \/ ZELARSTAY]<\/strong>, com sede em\u00a02 Bis Chemin des graves-33450 montussan-France- inscrita sob o\u00a0<strong>siren:<\/strong>517561544. FR .<\/p>\n\n\n\n<h2 class=\"wp-block-heading\">Hospedagem<\/h2>\n\n\n\n<p>Este site \u00e9 hospedado por&nbsp;<strong>Hostinger International Ltd&nbsp;<\/strong>, cuja sede se encontra em&nbsp;<strong>[<\/strong>Hostinger International Ltd.61, rue Lordou Vironos, \u00c9difice Lumiel, 4e \u00e9tage, 6023 Larnaca, Chypre<strong>]<\/strong>.<\/p>\n\n\n\n<h2 class=\"wp-block-heading\">Propriedade Intelectual<\/h2>\n\n\n\n<p>Todos os elementos (textos, imagens, logotipos, design) presentes neste site s\u00e3o propriedade exclusiva de (ZELARSTA,Lopes patricia) salvo indica\u00e7\u00e3o em contr\u00e1rio. Qualquer reprodu\u00e7\u00e3o, total ou parcial, sem autoriza\u00e7\u00e3o pr\u00e9via \u00e9 proibida.<\/p>\n\n\n\n<h2 class=\"wp-block-heading\">Responsabilidade<\/h2>\n\n\n\n<p>A ZelarStay compromete-se a fornecer informa\u00e7\u00f5es atualizadas e fi\u00e1veis. No entanto, n\u00e3o se responsabiliza por erros, omiss\u00f5es ou eventuais indisponibilidades tempor\u00e1rias do site.<\/p>\n\n\n\n<h2 class=\"wp-block-heading\">Prote\u00e7\u00e3o de Dados<\/h2>\n\n\n\n<p>Os dados pessoais recolhidos atrav\u00e9s do site s\u00e3o utilizados apenas para fins de contacto ou gest\u00e3o de pedidos. O utilizador tem o direito de aceder, corrigir ou solicitar a elimina\u00e7\u00e3o dos seus dados, contactando-nos por email:&nbsp;<a href=\"mailto:contact@zelarstay.com\">contact@zelarstay.com<\/a>.<\/p>\n\n\n\n<p>\u00a9 2025 ZelarStay \u2013 Todos os direitos reservados.<\/p>","protected":false},"excerpt":{"rendered":"<p>O presente site \u00e9 propriedade de\u00a0[LOPES P \/ ZELARSTAY], com sede em\u00a02 Bis Chemin des graves-33450 montussan-France- inscrita sob o\u00a0siren:517561544. FR . Hospedagem Este site \u00e9 hospedado por&nbsp;Hostinger International Ltd&nbsp;, cuja sede se encontra em&nbsp;[Hostinger International Ltd.61, rue Lordou Vironos, \u00c9difice Lumiel, 4e \u00e9tage, 6023 Larnaca, Chypre]. Propriedade Intelectual Todos os elementos (textos, imagens, logotipos, [&hellip;]<\/p>","protected":false},"author":2,"featured_media":0,"parent":0,"menu_order":0,"comment_status":"closed","ping_status":"closed","template":"","meta":{"footnotes":""},"class_list":["post-890","page","type-page","status-publish","hentry"],"blocksy_meta":[],"_hostinger_reach_plugin_has_subscription_block":false,"_hostinger_reach_plugin_is_elementor":false,"_links":{"self":[{"href":"https:\/\/zelarstay.com\/fr_fr\/wp-json\/wp\/v2\/pages\/890","targetHints":{"allow":["GET"]}}],"collection":[{"href":"https:\/\/zelarstay.com\/fr_fr\/wp-json\/wp\/v2\/pages"}],"about":[{"href":"https:\/\/zelarstay.com\/fr_fr\/wp-json\/wp\/v2\/types\/page"}],"author":[{"embeddable":true,"href":"https:\/\/zelarstay.com\/fr_fr\/wp-json\/wp\/v2\/users\/2"}],"replies":[{"embeddable":true,"href":"https:\/\/zelarstay.com\/fr_fr\/wp-json\/wp\/v2\/comments?post=890"}],"version-history":[{"count":2,"href":"https:\/\/zelarstay.com\/fr_fr\/wp-json\/wp\/v2\/pages\/890\/revisions"}],"predecessor-version":[{"id":921,"href":"https:\/\/zelarstay.com\/fr_fr\/wp-json\/wp\/v2\/pages\/890\/revisions\/921"}],"wp:attachment":[{"href":"https:\/\/zelarstay.com\/fr_fr\/wp-json\/wp\/v2\/media?parent=890"}],"curies":[{"name":"wp","href":"https:\/\/api.w.org\/{rel}","templated":true}]}}