{"id":894,"date":"2025-10-04T08:19:22","date_gmt":"2025-10-04T08:19:22","guid":{"rendered":"https:\/\/zelarstay.com\/?page_id=894"},"modified":"2025-10-04T08:19:23","modified_gmt":"2025-10-04T08:19:23","slug":"condicoes-gerais-de-utilizacao","status":"publish","type":"page","link":"https:\/\/zelarstay.com\/fr_fr\/condicoes-gerais-de-utilizacao\/","title":{"rendered":"Condi\u00e7\u00f5es Gerais de Utiliza\u00e7\u00e3o"},"content":{"rendered":"<p><\/p>\n\n\n\n<p>A utiliza\u00e7\u00e3o deste site implica a aceita\u00e7\u00e3o plena e integral das presentes condi\u00e7\u00f5es.<\/p>\n\n\n\n<p>A editora compromete-se a assegurar a exatid\u00e3o das informa\u00e7\u00f5es, mas n\u00e3o pode ser responsabilizada por eventuais erros.<\/p>\n\n\n\n<p>O site est\u00e1 sujeito \u00e0 lei portuguesa.<\/p>\n\n\n\n<p><\/p>","protected":false},"excerpt":{"rendered":"<p>A utiliza\u00e7\u00e3o deste site implica a aceita\u00e7\u00e3o plena e integral das presentes condi\u00e7\u00f5es. A editora compromete-se a assegurar a exatid\u00e3o das informa\u00e7\u00f5es, mas n\u00e3o pode ser responsabilizada por eventuais erros. O site est\u00e1 sujeito \u00e0 lei portuguesa.<\/p>","protected":false},"author":2,"featured_media":0,"parent":0,"menu_order":0,"comment_status":"closed","ping_status":"closed","template":"","meta":{"footnotes":""},"class_list":["post-894","page","type-page","status-publish","hentry"],"blocksy_meta":[],"_hostinger_reach_plugin_has_subscription_block":false,"_hostinger_reach_plugin_is_elementor":false,"_links":{"self":[{"href":"https:\/\/zelarstay.com\/fr_fr\/wp-json\/wp\/v2\/pages\/894","targetHints":{"allow":["GET"]}}],"collection":[{"href":"https:\/\/zelarstay.com\/fr_fr\/wp-json\/wp\/v2\/pages"}],"about":[{"href":"https:\/\/zelarstay.com\/fr_fr\/wp-json\/wp\/v2\/types\/page"}],"author":[{"embeddable":true,"href":"https:\/\/zelarstay.com\/fr_fr\/wp-json\/wp\/v2\/users\/2"}],"replies":[{"embeddable":true,"href":"https:\/\/zelarstay.com\/fr_fr\/wp-json\/wp\/v2\/comments?post=894"}],"version-history":[{"count":1,"href":"https:\/\/zelarstay.com\/fr_fr\/wp-json\/wp\/v2\/pages\/894\/revisions"}],"predecessor-version":[{"id":895,"href":"https:\/\/zelarstay.com\/fr_fr\/wp-json\/wp\/v2\/pages\/894\/revisions\/895"}],"wp:attachment":[{"href":"https:\/\/zelarstay.com\/fr_fr\/wp-json\/wp\/v2\/media?parent=894"}],"curies":[{"name":"wp","href":"https:\/\/api.w.org\/{rel}","templated":true}]}}